{"id":2033,"date":"2023-11-01T22:34:13","date_gmt":"2023-11-01T21:34:13","guid":{"rendered":"https:\/\/in2scentedart.com\/?post_type=product&#038;p=2033"},"modified":"2024-02-13T10:13:05","modified_gmt":"2024-02-13T09:13:05","slug":"art-deco","status":"publish","type":"product","link":"https:\/\/in2scentedart.com\/pl\/produkt\/art-deco\/","title":{"rendered":"Art Deco"},"content":{"rendered":"<p>Przedstawiamy nasz zestaw \u015bwiec \u201eArt Deco\u201d, inspirowany ponadczasow\u0105 elegancj\u0105 tego stylu. Dzi\u0119ki temu wyborowi wniesiesz odrobin\u0119 klasycznego blasku do wystroju. Roz\u015bwietl swoje otoczenie w prawdziwym stylu Art Deco z trio naszych wykwintnych \u015bwiec.<\/p>\n<p>Zestaw zawiera 3 \u015bwiece z portfolio In2 Scented Art, kt\u00f3re najlepiej pasuj\u0105 do wystroju wn\u0119trz w stylu Art Deco:<\/p>\n<ul>\n<li>Trip to Las Vegas \u2013 energetyczny zapach, w kt\u00f3rym \u017cywe nuty kwiatowe i owocowe ta\u0144cz\u0105 z ciep\u0142em bursztynu i soczysto\u015bci\u0105 czerwonych owoc\u00f3w.<\/li>\n<li>Green Fig \u2013 \u015bwie\u017cy i orze\u017awiaj\u0105cy zapach, kt\u00f3ry przeniesie Ci\u0119 do bujnego ogrodu z naturaln\u0105 i zielon\u0105 esencj\u0105 zielonej figi.<\/li>\n<li>Jasmine \u2013 wyj\u0105tkowo elegancki zapach, kt\u00f3ry urzeka klasycznym i ponadczasowym zapachem kwiat\u00f3w ja\u015bminu.<\/li>\n<\/ul>\n<p><strong>Czas spalania:<\/strong> do 15 godzin na ka\u017cd\u0105 \u015bwiec\u0119<br \/>\n<strong>Waga<\/strong>: 3 x 50g netto (3 x ok. 200g brutto)<br \/>\n<strong>Wymiary:<\/strong> 3 x 7,4 cm (wysoko\u015b\u0107) x 6 cm (\u015brednica)<\/p>\n<p>&nbsp;<\/p>","protected":false},"excerpt":{"rendered":"<p>Introducing our &#8216;Art Deco&#8217; candle set, inspired by the timeless elegance of this style. Elevate your space with this selection and bring a touch of classic glamour to your d\u00e9cor. Illuminate your surroundings in true Art Deco style with our exquisite candles. Set includes 3 candles of the In2 Scented Art portfolio that are best [&hellip;]<\/p>\n","protected":false},"featured_media":2288,"comment_status":"open","ping_status":"closed","template":"","meta":{"jetpack_publicize_message":"","jetpack_publicize_feature_enabled":true,"jetpack_social_post_already_shared":true,"jetpack_social_options":{"image_generator_settings":{"template":"highway","default_image_id":0,"font":"","enabled":false},"version":2},"_wpas_customize_per_network":false},"product_brand":[],"product_cat":[1391],"product_tag":[],"class_list":{"0":"post-2033","1":"product","2":"type-product","3":"status-publish","4":"has-post-thumbnail","6":"product_cat-urban","8":"first","9":"outofstock","10":"taxable","11":"shipping-taxable","12":"purchasable","13":"product-type-simple"},"jetpack_publicize_connections":[],"jetpack_sharing_enabled":false,"jetpack_likes_enabled":false,"_links":{"self":[{"href":"https:\/\/in2scentedart.com\/pl\/wp-json\/wp\/v2\/product\/2033","targetHints":{"allow":["GET"]}}],"collection":[{"href":"https:\/\/in2scentedart.com\/pl\/wp-json\/wp\/v2\/product"}],"about":[{"href":"https:\/\/in2scentedart.com\/pl\/wp-json\/wp\/v2\/types\/product"}],"replies":[{"embeddable":true,"href":"https:\/\/in2scentedart.com\/pl\/wp-json\/wp\/v2\/comments?post=2033"}],"version-history":[{"count":0,"href":"https:\/\/in2scentedart.com\/pl\/wp-json\/wp\/v2\/product\/2033\/revisions"}],"wp:featuredmedia":[{"embeddable":true,"href":"https:\/\/in2scentedart.com\/pl\/wp-json\/wp\/v2\/media\/2288"}],"wp:attachment":[{"href":"https:\/\/in2scentedart.com\/pl\/wp-json\/wp\/v2\/media?parent=2033"}],"wp:term":[{"taxonomy":"product_brand","embeddable":true,"href":"https:\/\/in2scentedart.com\/pl\/wp-json\/wp\/v2\/product_brand?post=2033"},{"taxonomy":"product_cat","embeddable":true,"href":"https:\/\/in2scentedart.com\/pl\/wp-json\/wp\/v2\/product_cat?post=2033"},{"taxonomy":"product_tag","embeddable":true,"href":"https:\/\/in2scentedart.com\/pl\/wp-json\/wp\/v2\/product_tag?post=2033"}],"curies":[{"name":"wp","href":"https:\/\/api.w.org\/{rel}","templated":true}]}}