{"id":1415,"date":"2023-10-28T23:21:45","date_gmt":"2023-10-28T21:21:45","guid":{"rendered":"https:\/\/in2scentedart.com\/?page_id=1415"},"modified":"2024-02-07T22:18:07","modified_gmt":"2024-02-07T21:18:07","slug":"urban-collection","status":"publish","type":"page","link":"https:\/\/in2scentedart.com\/pl\/collections\/urban-collection\/","title":{"rendered":"Urban Collection"},"content":{"rendered":"<div data-elementor-type=\"wp-page\" data-elementor-id=\"1415\" class=\"elementor elementor-1415\" data-elementor-post-type=\"page\">\n\t\t\t\t<div class=\"elementor-element elementor-element-1939214 e-con-full bg-attachment-fixed e-flex e-con e-parent\" data-id=\"1939214\" data-element_type=\"container\" data-e-type=\"container\" data-settings=\"{&quot;background_background&quot;:&quot;classic&quot;}\">\n\t\t\t\t<\/div>\n\t\t<div class=\"elementor-element elementor-element-6109b22 e-flex e-con-boxed e-con e-parent\" data-id=\"6109b22\" data-element_type=\"container\" data-e-type=\"container\">\n\t\t\t\t\t<div class=\"e-con-inner\">\n\t\t<div class=\"elementor-element elementor-element-e33f195 e-con-full e-flex e-con e-child\" data-id=\"e33f195\" data-element_type=\"container\" data-e-type=\"container\">\n\t\t\t\t<div class=\"elementor-element elementor-element-7154ddf elementor-widget__width-initial elementor-headline--style-highlight elementor-widget elementor-widget-animated-headline\" data-id=\"7154ddf\" data-element_type=\"widget\" data-e-type=\"widget\" data-settings=\"{&quot;marker&quot;:&quot;underline&quot;,&quot;highlighted_text&quot;:&quot;Urban&quot;,&quot;headline_style&quot;:&quot;highlight&quot;,&quot;highlight_animation_duration&quot;:1200}\" data-widget_type=\"animated-headline.default\">\n\t\t\t\t<div class=\"elementor-widget-container\">\n\t\t\t\t\t\t\t<h2 class=\"elementor-headline\">\n\t\t\t\t<span class=\"elementor-headline-dynamic-wrapper elementor-headline-text-wrapper\">\n\t\t\t\t\t<span class=\"elementor-headline-dynamic-text elementor-headline-text-active\">Urban<\/span>\n\t\t\t\t<\/span>\n\t\t\t\t\t<span class=\"elementor-headline-plain-text elementor-headline-text-wrapper\">Collection<\/span>\n\t\t\t\t\t<\/h2>\n\t\t\t\t\t\t<\/div>\n\t\t\t\t<\/div>\n\t\t\t\t<div class=\"elementor-element elementor-element-01ac90c elementor-widget__width-auto elementor-hidden-tablet elementor-hidden-mobile elementor-hidden-mobile_extra elementor-widget-divider--view-line elementor-widget elementor-widget-divider\" data-id=\"01ac90c\" data-element_type=\"widget\" data-e-type=\"widget\" data-widget_type=\"divider.default\">\n\t\t\t\t<div class=\"elementor-widget-container\">\n\t\t\t\t\t\t\t<div class=\"elementor-divider\">\n\t\t\t<span class=\"elementor-divider-separator\">\n\t\t\t\t\t\t<\/span>\n\t\t<\/div>\n\t\t\t\t\t\t<\/div>\n\t\t\t\t<\/div>\n\t\t\t\t<\/div>\n\t\t<div class=\"elementor-element elementor-element-90d8247 e-con-full e-flex e-con e-child\" data-id=\"90d8247\" data-element_type=\"container\" data-e-type=\"container\" data-settings=\"{&quot;background_background&quot;:&quot;classic&quot;}\">\n\t\t\t\t<\/div>\n\t\t\t\t\t<\/div>\n\t\t\t\t<\/div>\n\t\t<main class=\"elementor-element elementor-element-1312f68 e-flex e-con-boxed e-con e-parent\" data-id=\"1312f68\" data-element_type=\"container\" data-e-type=\"container\">\n\t\t\t\t\t<div class=\"e-con-inner\">\n\t\t<a class=\"elementor-element elementor-element-5e8acdd e-con-full e-flex e-con e-child\" data-id=\"5e8acdd\" data-element_type=\"container\" data-e-type=\"container\" href=\"\/pl\/produkt\/glam\/\">\n\t\t\t\t<div class=\"elementor-element elementor-element-c4064be elementor-widget__width-initial elementor-widget elementor-widget-image\" data-id=\"c4064be\" data-element_type=\"widget\" data-e-type=\"widget\" data-widget_type=\"image.default\">\n\t\t\t\t<div class=\"elementor-widget-container\">\n\t\t\t\t\t\t\t\t\t\t\t\t\t\t\t<img fetchpriority=\"high\" decoding=\"async\" data-attachment-id=\"2653\" data-permalink=\"https:\/\/in2scentedart.com\/collections\/urban-collection\/glam-theme-square\/\" data-orig-file=\"https:\/\/in2scentedart.com\/wp-content\/uploads\/glam-theme-square.jpg\" data-orig-size=\"1000,1000\" data-comments-opened=\"1\" data-image-meta=\"{&quot;aperture&quot;:&quot;0&quot;,&quot;credit&quot;:&quot;&quot;,&quot;camera&quot;:&quot;&quot;,&quot;caption&quot;:&quot;&quot;,&quot;created_timestamp&quot;:&quot;0&quot;,&quot;copyright&quot;:&quot;&quot;,&quot;focal_length&quot;:&quot;0&quot;,&quot;iso&quot;:&quot;0&quot;,&quot;shutter_speed&quot;:&quot;0&quot;,&quot;title&quot;:&quot;&quot;,&quot;orientation&quot;:&quot;0&quot;}\" data-image-title=\"glam-theme-square\" data-image-description=\"\" data-image-caption=\"\" data-large-file=\"https:\/\/in2scentedart.com\/wp-content\/uploads\/glam-theme-square.jpg\" width=\"500\" height=\"500\" src=\"https:\/\/in2scentedart.com\/wp-content\/uploads\/glam-theme-square-500x500.jpg\" class=\"attachment-medium size-medium wp-image-2653\" alt=\"\" srcset=\"https:\/\/in2scentedart.com\/wp-content\/uploads\/glam-theme-square-500x500.jpg 500w, https:\/\/in2scentedart.com\/wp-content\/uploads\/glam-theme-square-200x200.jpg?crop=1 200w, https:\/\/in2scentedart.com\/wp-content\/uploads\/glam-theme-square-768x768.jpg 768w, https:\/\/in2scentedart.com\/wp-content\/uploads\/glam-theme-square-12x12.jpg 12w, https:\/\/in2scentedart.com\/wp-content\/uploads\/glam-theme-square-300x300.jpg?crop=1 300w, https:\/\/in2scentedart.com\/wp-content\/uploads\/glam-theme-square-600x600.jpg?crop=1 600w, https:\/\/in2scentedart.com\/wp-content\/uploads\/glam-theme-square-100x100.jpg?crop=1 100w, https:\/\/in2scentedart.com\/wp-content\/uploads\/glam-theme-square.jpg 1000w\" sizes=\"(max-width: 500px) 100vw, 500px\" title=\"\">\t\t\t\t\t\t\t\t\t\t\t\t\t\t\t<\/div>\n\t\t\t\t<\/div>\n\t\t\t\t<div class=\"elementor-element elementor-element-6c12a07 elementor-widget__width-initial elementor-widget-mobile__width-inherit elementor-widget elementor-widget-text-editor\" data-id=\"6c12a07\" data-element_type=\"widget\" data-e-type=\"widget\" data-widget_type=\"text-editor.default\">\n\t\t\t\t<div class=\"elementor-widget-container\">\n\t\t\t\t\t\t\t\t\t<h3>Glam<\/h3><p>Ten zestaw trzech \u015bwiec zosta\u0142 zaprojektowany tak, aby doskonale uzupe\u0142nia\u0107 wystr\u00f3j wn\u0119trz w stylu glam, dodaj\u0105c bogactwa i luksusu ka\u017cdej przestrzeni<\/p>\t\t\t\t\t\t\t\t<\/div>\n\t\t\t\t<\/div>\n\t\t\t\t<\/a>\n\t\t<a class=\"elementor-element elementor-element-af2fb21 e-con-full e-flex e-con e-child\" data-id=\"af2fb21\" data-element_type=\"container\" data-e-type=\"container\" href=\"\/pl\/produkt\/art-deco\/\">\n\t\t\t\t<div class=\"elementor-element elementor-element-8665c9d elementor-widget__width-initial elementor-widget elementor-widget-image\" data-id=\"8665c9d\" data-element_type=\"widget\" data-e-type=\"widget\" data-widget_type=\"image.default\">\n\t\t\t\t<div class=\"elementor-widget-container\">\n\t\t\t\t\t\t\t\t\t\t\t\t\t\t\t<img decoding=\"async\" data-attachment-id=\"2652\" data-permalink=\"https:\/\/in2scentedart.com\/collections\/urban-collection\/art-deco-theme-square-2\/\" data-orig-file=\"https:\/\/in2scentedart.com\/wp-content\/uploads\/art-deco-theme-square-1.jpg\" data-orig-size=\"1000,1000\" data-comments-opened=\"1\" data-image-meta=\"{&quot;aperture&quot;:&quot;0&quot;,&quot;credit&quot;:&quot;&quot;,&quot;camera&quot;:&quot;&quot;,&quot;caption&quot;:&quot;&quot;,&quot;created_timestamp&quot;:&quot;0&quot;,&quot;copyright&quot;:&quot;&quot;,&quot;focal_length&quot;:&quot;0&quot;,&quot;iso&quot;:&quot;0&quot;,&quot;shutter_speed&quot;:&quot;0&quot;,&quot;title&quot;:&quot;&quot;,&quot;orientation&quot;:&quot;0&quot;}\" data-image-title=\"art-deco-theme-square\" data-image-description=\"\" data-image-caption=\"\" data-large-file=\"https:\/\/in2scentedart.com\/wp-content\/uploads\/art-deco-theme-square-1.jpg\" width=\"1000\" height=\"1000\" src=\"https:\/\/in2scentedart.com\/wp-content\/uploads\/art-deco-theme-square-1.jpg\" class=\"attachment-full size-full wp-image-2652\" alt=\"\" srcset=\"https:\/\/in2scentedart.com\/wp-content\/uploads\/art-deco-theme-square-1.jpg 1000w, https:\/\/in2scentedart.com\/wp-content\/uploads\/art-deco-theme-square-1-500x500.jpg 500w, https:\/\/in2scentedart.com\/wp-content\/uploads\/art-deco-theme-square-1-200x200.jpg?crop=1 200w, https:\/\/in2scentedart.com\/wp-content\/uploads\/art-deco-theme-square-1-768x768.jpg 768w, https:\/\/in2scentedart.com\/wp-content\/uploads\/art-deco-theme-square-1-12x12.jpg 12w, https:\/\/in2scentedart.com\/wp-content\/uploads\/art-deco-theme-square-1-300x300.jpg?crop=1 300w, https:\/\/in2scentedart.com\/wp-content\/uploads\/art-deco-theme-square-1-600x600.jpg?crop=1 600w, https:\/\/in2scentedart.com\/wp-content\/uploads\/art-deco-theme-square-1-100x100.jpg?crop=1 100w\" sizes=\"(max-width: 1000px) 100vw, 1000px\" title=\"\">\t\t\t\t\t\t\t\t\t\t\t\t\t\t\t<\/div>\n\t\t\t\t<\/div>\n\t\t\t\t<div class=\"elementor-element elementor-element-ba17409 elementor-widget__width-initial elementor-widget-mobile__width-inherit elementor-widget elementor-widget-text-editor\" data-id=\"ba17409\" data-element_type=\"widget\" data-e-type=\"widget\" data-widget_type=\"text-editor.default\">\n\t\t\t\t<div class=\"elementor-widget-container\">\n\t\t\t\t\t\t\t\t\t<h3>Art Deco<\/h3><p>Kolekcja trzech \u015bwiec zosta\u0142a starannie wykonana, aby harmonizowa\u0107 z ponadczasow\u0105 elegancj\u0105 i odwa\u017cnymi geometrycznymi wzorami stylu Art Deco<\/p>\t\t\t\t\t\t\t\t<\/div>\n\t\t\t\t<\/div>\n\t\t\t\t<\/a>\n\t\t<a class=\"elementor-element elementor-element-495223a e-con-full e-flex e-con e-child\" data-id=\"495223a\" data-element_type=\"container\" data-e-type=\"container\" href=\"\/pl\/produkt\/boho\/\">\n\t\t\t\t<div class=\"elementor-element elementor-element-1b2526c elementor-widget__width-initial elementor-widget elementor-widget-image\" data-id=\"1b2526c\" data-element_type=\"widget\" data-e-type=\"widget\" data-widget_type=\"image.default\">\n\t\t\t\t<div class=\"elementor-widget-container\">\n\t\t\t\t\t\t\t\t\t\t\t\t\t\t\t<img decoding=\"async\" data-attachment-id=\"2326\" data-permalink=\"https:\/\/in2scentedart.com\/boho-theme-square\/\" data-orig-file=\"https:\/\/in2scentedart.com\/wp-content\/uploads\/boho-theme-square.jpg\" data-orig-size=\"1000,1000\" data-comments-opened=\"1\" data-image-meta=\"{&quot;aperture&quot;:&quot;0&quot;,&quot;credit&quot;:&quot;&quot;,&quot;camera&quot;:&quot;&quot;,&quot;caption&quot;:&quot;&quot;,&quot;created_timestamp&quot;:&quot;0&quot;,&quot;copyright&quot;:&quot;&quot;,&quot;focal_length&quot;:&quot;0&quot;,&quot;iso&quot;:&quot;0&quot;,&quot;shutter_speed&quot;:&quot;0&quot;,&quot;title&quot;:&quot;&quot;,&quot;orientation&quot;:&quot;0&quot;}\" data-image-title=\"boho-theme-square\" data-image-description=\"\" data-image-caption=\"\" data-large-file=\"https:\/\/in2scentedart.com\/wp-content\/uploads\/boho-theme-square.jpg\" width=\"1000\" height=\"1000\" src=\"https:\/\/in2scentedart.com\/wp-content\/uploads\/boho-theme-square.jpg\" class=\"attachment-full size-full wp-image-2326\" alt=\"\" srcset=\"https:\/\/in2scentedart.com\/wp-content\/uploads\/boho-theme-square.jpg 1000w, https:\/\/in2scentedart.com\/wp-content\/uploads\/boho-theme-square-500x500.jpg 500w, https:\/\/in2scentedart.com\/wp-content\/uploads\/boho-theme-square-200x200.jpg?crop=1 200w, https:\/\/in2scentedart.com\/wp-content\/uploads\/boho-theme-square-768x768.jpg 768w, https:\/\/in2scentedart.com\/wp-content\/uploads\/boho-theme-square-12x12.jpg 12w, https:\/\/in2scentedart.com\/wp-content\/uploads\/boho-theme-square-300x300.jpg?crop=1 300w, https:\/\/in2scentedart.com\/wp-content\/uploads\/boho-theme-square-600x600.jpg?crop=1 600w, https:\/\/in2scentedart.com\/wp-content\/uploads\/boho-theme-square-100x100.jpg?crop=1 100w\" sizes=\"(max-width: 1000px) 100vw, 1000px\" title=\"\">\t\t\t\t\t\t\t\t\t\t\t\t\t\t\t<\/div>\n\t\t\t\t<\/div>\n\t\t\t\t<div class=\"elementor-element elementor-element-b4fa826 elementor-widget__width-initial elementor-widget-mobile__width-inherit elementor-widget elementor-widget-text-editor\" data-id=\"b4fa826\" data-element_type=\"widget\" data-e-type=\"widget\" data-widget_type=\"text-editor.default\">\n\t\t\t\t<div class=\"elementor-widget-container\">\n\t\t\t\t\t\t\t\t\t<h3>Boho<\/h3><p>Zestaw trzech \u015bwiec, inspirowany pi\u0119knem natury, uzupe\u0142nia wn\u0119trza w stylu Boho, nape\u0142niaj\u0105c Twoj\u0105 przestrze\u0144 poczuciem organicznego uroku i swobodnej kreatywno\u015bci<\/p>\t\t\t\t\t\t\t\t<\/div>\n\t\t\t\t<\/div>\n\t\t\t\t<\/a>\n\t\t\t\t\t<\/div>\n\t\t\t\t<\/main>\n\t\t<div class=\"elementor-element elementor-element-821630c e-con-full bg-attachment-fixed e-flex e-con e-parent\" data-id=\"821630c\" data-element_type=\"container\" data-e-type=\"container\" data-settings=\"{&quot;background_background&quot;:&quot;classic&quot;}\">\n\t\t\t\t<\/div>\n\t\t<aside class=\"elementor-element elementor-element-e60dae9 e-flex e-con-boxed e-con e-parent\" data-id=\"e60dae9\" data-element_type=\"container\" data-e-type=\"container\">\n\t\t\t\t\t<div class=\"e-con-inner\">\n\t\t\t\t<div class=\"elementor-element elementor-element-c3154e8 elementor-widget elementor-widget-heading\" data-id=\"c3154e8\" data-element_type=\"widget\" data-e-type=\"widget\" data-widget_type=\"heading.default\">\n\t\t\t\t<div class=\"elementor-widget-container\">\n\t\t\t\t\t<h3 class=\"elementor-heading-title elementor-size-default\">Jak dba\u0107 o \u015bwiece sojowe, aby cieszy\u0107 si\u0119 ich doskona\u0142\u0105 jako\u015bci\u0105?<\/h3>\t\t\t\t<\/div>\n\t\t\t\t<\/div>\n\t\t\t\t<div class=\"elementor-element elementor-element-1308742 elementor-widget elementor-widget-text-editor\" data-id=\"1308742\" data-element_type=\"widget\" data-e-type=\"widget\" data-widget_type=\"text-editor.default\">\n\t\t\t\t<div class=\"elementor-widget-container\">\n\t\t\t\t\t\t\t\t\t<p>Zapalaj\u0105c \u015bwiec\u0119, nale\u017cy pozostawi\u0107 j\u0105 zapalon\u0105 do ca\u0142kowitego stopienia g\u00f3rnej warstwy wosku. Zapobiegnie to nier\u00f3wnemu spalaniu i tworzeniu si\u0119 tzw. tunelu. Aby zapewni\u0107 jasne i czyste spalanie, przed ka\u017cdym u\u017cyciem przytnij knot na d\u0142ugo\u015b\u0107 oko\u0142o 4 mm.<\/p><p>Utrzymuj wosk \u015bwiecy w czysto\u015bci. Nie pal \u015bwiecy jednorazowo d\u0142u\u017cej ni\u017c 4 godziny.<\/p><p>Koniec \u017cycia \u015bwiecy nast\u0119puje wtedy, gdy na dnie pojemnika pozostanie oko\u0142o 1,5 cm wosku.<br \/>Po tym czasie mo\u017cesz wyczy\u015bci\u0107 s\u0142oiczek i wykorzysta\u0107 go ponownie do dowolnego celu.<\/p>\t\t\t\t\t\t\t\t<\/div>\n\t\t\t\t<\/div>\n\t\t\t\t\t<\/div>\n\t\t\t\t<\/aside>\n\t\t\t\t<\/div>","protected":false},"excerpt":{"rendered":"<p>Urban Collection &lt;img width=&#8221;500&#8243; height=&#8221;500&#8243; src=&#8221;<a href=\"https:\/\/in2scentedart.com\/wp-content\/uploads\/glam-theme-square-500&#215;500.jpg&#038;#8221\">https:\/\/in2scentedart.com\/wp-content\/uploads\/glam-theme-square-500&#215;500.jpg&#038;#8221<\/a>; alt=&#8221;&#8221; srcset=&#8221;<a href=\"https:\/\/in2scentedart.com\/wp-content\/uploads\/glam-theme-square-500&#215;500.jpg\">https:\/\/in2scentedart.com\/wp-content\/uploads\/glam-theme-square-500&#215;500.jpg<\/a> 500w, <a href=\"https:\/\/in2scentedart.com\/wp-content\/uploads\/glam-theme-square-200&#215;200.jpg?crop=1\">https:\/\/in2scentedart.com\/wp-content\/uploads\/glam-theme-square-200&#215;200.jpg?crop=1<\/a> 200w, <a href=\"https:\/\/in2scentedart.com\/wp-content\/uploads\/glam-theme-square-768&#215;768.jpg\">https:\/\/in2scentedart.com\/wp-content\/uploads\/glam-theme-square-768&#215;768.jpg<\/a> 768w, <a href=\"https:\/\/in2scentedart.com\/wp-content\/uploads\/glam-theme-square-12&#215;12.jpg\">https:\/\/in2scentedart.com\/wp-content\/uploads\/glam-theme-square-12&#215;12.jpg<\/a> 12w, <a href=\"https:\/\/in2scentedart.com\/wp-content\/uploads\/glam-theme-square-300&#215;300.jpg?crop=1\">https:\/\/in2scentedart.com\/wp-content\/uploads\/glam-theme-square-300&#215;300.jpg?crop=1<\/a> 300w, <a href=\"https:\/\/in2scentedart.com\/wp-content\/uploads\/glam-theme-square-600&#215;600.jpg\">https:\/\/in2scentedart.com\/wp-content\/uploads\/glam-theme-square-600&#215;600.jpg<\/a> 600w, <a href=\"https:\/\/in2scentedart.com\/wp-content\/uploads\/glam-theme-square-100&#215;100.jpg?crop=1\">https:\/\/in2scentedart.com\/wp-content\/uploads\/glam-theme-square-100&#215;100.jpg?crop=1<\/a> 100w, <a href=\"https:\/\/in2scentedart.com\/wp-content\/uploads\/glam-theme-square.jpg\">https:\/\/in2scentedart.com\/wp-content\/uploads\/glam-theme-square.jpg<\/a> 1000w&#8221; sizes=&#8221;(max-width: 500px) 100vw, 500px&#8221; \/&gt; &lt;h3&gt;Glam&lt;\/h3&gt;This set of three candles is designed to perfectly complement the glam style of interior design, adding an opulent and luxurious touch to any space&lt;\/p&gt; &lt;img width=&#8221;1000&#8243; [&hellip;]<\/p>\n","protected":false},"author":238708801,"featured_media":2570,"parent":113,"menu_order":0,"comment_status":"closed","ping_status":"closed","template":"elementor_header_footer","meta":{"footnotes":""},"class_list":["post-1415","page","type-page","status-publish","has-post-thumbnail","hentry"],"jetpack_sharing_enabled":true,"jetpack_likes_enabled":true,"_links":{"self":[{"href":"https:\/\/in2scentedart.com\/pl\/wp-json\/wp\/v2\/pages\/1415","targetHints":{"allow":["GET"]}}],"collection":[{"href":"https:\/\/in2scentedart.com\/pl\/wp-json\/wp\/v2\/pages"}],"about":[{"href":"https:\/\/in2scentedart.com\/pl\/wp-json\/wp\/v2\/types\/page"}],"author":[{"embeddable":true,"href":"https:\/\/in2scentedart.com\/pl\/wp-json\/wp\/v2\/users\/238708801"}],"replies":[{"embeddable":true,"href":"https:\/\/in2scentedart.com\/pl\/wp-json\/wp\/v2\/comments?post=1415"}],"version-history":[{"count":0,"href":"https:\/\/in2scentedart.com\/pl\/wp-json\/wp\/v2\/pages\/1415\/revisions"}],"up":[{"embeddable":true,"href":"https:\/\/in2scentedart.com\/pl\/wp-json\/wp\/v2\/pages\/113"}],"wp:featuredmedia":[{"embeddable":true,"href":"https:\/\/in2scentedart.com\/pl\/wp-json\/wp\/v2\/media\/2570"}],"wp:attachment":[{"href":"https:\/\/in2scentedart.com\/pl\/wp-json\/wp\/v2\/media?parent=1415"}],"curies":[{"name":"wp","href":"https:\/\/api.w.org\/{rel}","templated":true}]}}